{"id":27,"date":"2025-02-15T12:20:55","date_gmt":"2025-02-15T11:20:55","guid":{"rendered":"https:\/\/ffss-vosges.fr\/?page_id=27"},"modified":"2025-02-15T12:20:55","modified_gmt":"2025-02-15T11:20:55","slug":"formations","status":"publish","type":"page","link":"https:\/\/ffss-vosges.fr\/index.php\/formations\/","title":{"rendered":"Formations"},"content":{"rendered":"\n<div class=\"wp-block-group\"><div class=\"wp-block-group__inner-container is-layout-constrained wp-block-group-is-layout-constrained\">\n<div class=\"wp-block-group\"><div class=\"wp-block-group__inner-container is-layout-constrained wp-block-group-is-layout-constrained\"><\/div><\/div>\n\n\n\n<details class=\"wp-block-details is-layout-flow wp-block-details-is-layout-flow\"><summary>Gestes qui sauvent (GQS) <\/summary>\n<p>Cette formation vous permet d&#8217;apprendre \u00e0 r\u00e9agir en cas d&#8217;urgence vitale. A l&#8217;issue de cette formation, vous serez capables de reconna\u00eetre une situation d&#8217;urgence et d&#8217;agir rapidement et efficacement dans l&#8217;attente de l&#8217;arriv\u00e9e des secours professionnels. <\/p>\n\n\n\n<p>Programme de la formation : <\/p>\n\n\n\n<ul class=\"wp-block-list\">\n<li>La protection <\/li>\n\n\n\n<li>L&#8217;alerte<\/li>\n\n\n\n<li>La victime inconsciente qui ne respire pas<\/li>\n\n\n\n<li>La victime inconsciente qui respire<\/li>\n<\/ul>\n\n\n\n<p>Dur\u00e9e : 2h <\/p>\n\n\n\n<p>A partir de 10 ans. Tout public. Pas de condition physique n\u00e9cessaire.<\/p>\n<\/details>\n\n\n\n<details class=\"wp-block-details is-layout-flow wp-block-details-is-layout-flow\"><summary>Premiers secours civiques de niveau 1 (PSC1)<br><\/summary>\n<p>Devenez le premier maillon de la cha\u00eene de secours. Cette formation vous apprendra \u00e0 r\u00e9agir en cas d&#8217;accident et \u00e0 prendre les mesures n\u00e9cessaires avant l&#8217;arriv\u00e9e des secours organis\u00e9s. <\/p>\n\n\n\n<p>Programme de la formation : <\/p>\n\n\n\n<ul class=\"wp-block-list\">\n<li>Prot\u00e9ger : porter secours n\u00e9cessite de se prot\u00e9ger d&#8217;abord soi m\u00eame et de s\u00e9curiser la zone vis \u00e0 vis des autres personnes. <\/li>\n\n\n\n<li>Alerter : collecter les \u00e9l\u00e9ments importants de l&#8217;\u00e9tat de la victime et les retransmettre<\/li>\n\n\n\n<li>Agir face \u00e0 une d\u00e9tresse \u00e9vidente : victime qui s&#8217;\u00e9touffe et\/ou qui saigne abondamment<\/li>\n\n\n\n<li>Agir face \u00e0 une personne inconsciente : qui respire, qui ne respire plus (r\u00e9animation cardiopulmonaire\/d\u00e9fibrillateur automatique externe)<\/li>\n\n\n\n<li>Agir face \u00e0 une victime qui se plaint : malaise, plaie, brulure, douleur. <\/li>\n<\/ul>\n\n\n\n<p>Dur\u00e9e : 7h <\/p>\n\n\n\n<p>Avoir minimum 10 ans. <\/p>\n<\/details>\n<\/div><\/div>\n\n\n\n<div class=\"wp-block-group\"><div class=\"wp-block-group__inner-container is-layout-constrained wp-block-group-is-layout-constrained\"><\/div><\/div>\n\n\n\n<div class=\"wp-block-group\"><div class=\"wp-block-group__inner-container is-layout-constrained wp-block-group-is-layout-constrained\"><\/div><\/div>\n","protected":false},"excerpt":{"rendered":"","protected":false},"author":1,"featured_media":0,"parent":0,"menu_order":0,"comment_status":"closed","ping_status":"closed","template":"","meta":{"_kadence_starter_templates_imported_post":false,"_kad_post_transparent":"","_kad_post_title":"","_kad_post_layout":"","_kad_post_sidebar_id":"","_kad_post_content_style":"","_kad_post_vertical_padding":"","_kad_post_feature":"","_kad_post_feature_position":"","_kad_post_header":false,"_kad_post_footer":false,"footnotes":""},"class_list":["post-27","page","type-page","status-publish","hentry"],"_links":{"self":[{"href":"https:\/\/ffss-vosges.fr\/index.php\/wp-json\/wp\/v2\/pages\/27","targetHints":{"allow":["GET"]}}],"collection":[{"href":"https:\/\/ffss-vosges.fr\/index.php\/wp-json\/wp\/v2\/pages"}],"about":[{"href":"https:\/\/ffss-vosges.fr\/index.php\/wp-json\/wp\/v2\/types\/page"}],"author":[{"embeddable":true,"href":"https:\/\/ffss-vosges.fr\/index.php\/wp-json\/wp\/v2\/users\/1"}],"replies":[{"embeddable":true,"href":"https:\/\/ffss-vosges.fr\/index.php\/wp-json\/wp\/v2\/comments?post=27"}],"version-history":[{"count":5,"href":"https:\/\/ffss-vosges.fr\/index.php\/wp-json\/wp\/v2\/pages\/27\/revisions"}],"predecessor-version":[{"id":34,"href":"https:\/\/ffss-vosges.fr\/index.php\/wp-json\/wp\/v2\/pages\/27\/revisions\/34"}],"wp:attachment":[{"href":"https:\/\/ffss-vosges.fr\/index.php\/wp-json\/wp\/v2\/media?parent=27"}],"curies":[{"name":"wp","href":"https:\/\/api.w.org\/{rel}","templated":true}]}}