{"id":2,"date":"2023-11-07T19:48:12","date_gmt":"2023-11-07T18:48:12","guid":{"rendered":"http:\/\/ffss-vosges.fr\/?page_id=2"},"modified":"2025-02-12T22:39:06","modified_gmt":"2025-02-12T21:39:06","slug":"page-d-exemple","status":"publish","type":"page","link":"https:\/\/ffss-vosges.fr\/","title":{"rendered":"Qui sommes nous ?"},"content":{"rendered":"\n<p>Association agr\u00e9\u00e9e de s\u00e9curit\u00e9 civile, accueillant actuellement 35 b\u00e9n\u00e9voles, nous r\u00e9alisons diverses prestations sur l&#8217;ensemble du territoire vosgien et au del\u00e0 !  <\/p>\n\n\n\n<ul class=\"wp-block-list\">\n<li class=\"has-medium-font-size\"><strong>Poste de secours terrestres et aquatiques<\/strong><\/li>\n<\/ul>\n\n\n\n<p>Nous accompagnons les organisateurs d&#8217;\u00e9v\u00e8nements dans la mise en place, la gestion et la tenue de leur dispositif pr\u00e9visionnel de secours. <\/p>\n\n\n\n<p>Organisateur d&#8217;\u00e9v\u00e8nement ? Nous pensons avec vous votre dispositif pr\u00e9visionnel de secours en amont de votre \u00e9v\u00e8nement afin que ce dernier soit conforme aux recommandations en vigueur (RNDPS), aux attentes des autorit\u00e9s, notamment pr\u00e9fectorale, et en ad\u00e9quation avec les contraintes du terrain\/de votre \u00e9v\u00e8nement. Nous vous accompagnons dans la mise en place de ce dernier et assurons, en toute autonomie, son fonctionnement le jour J. <\/p>\n\n\n\n<p>Futurs b\u00e9n\u00e9voles de l&#8217;association ? Tu souhaites te rendre utile en concourant \u00e0 la prise en charge des victimes sur divers \u00e9v\u00e8nements ? Alors rejoins nous ! Avec ou sans exp\u00e9rience, nous formons nos b\u00e9n\u00e9voles afin de permettre une \u00e9volution continue de leur comp\u00e9tences. <\/p>\n\n\n\n<ul class=\"wp-block-list\">\n<li class=\"has-medium-font-size\"><strong>Formations : <\/strong><\/li>\n<\/ul>\n\n\n\n<p>Notre association propose \u00e9galement diverses formations, pour tous les niveaux. <\/p>\n\n\n\n<ul class=\"wp-block-list\">\n<li>Grand public : \n<ul class=\"wp-block-list\">\n<li>Gestes qui sauvent (2h) <\/li>\n\n\n\n<li>Pr\u00e9vention et secours civiques de niveau 1, PSC1 (6h) <\/li>\n<\/ul>\n<\/li>\n\n\n\n<li>Secouristes : \n<ul class=\"wp-block-list\">\n<li>Premiers secours en \u00e9quipe de niveau 1 (PSE1) <\/li>\n\n\n\n<li>Premiers secours en \u00e9quipe de niveau 2 (PSE2) <\/li>\n<\/ul>\n<\/li>\n\n\n\n<li>Aquatiques : \n<ul class=\"wp-block-list\">\n<li>Surveillant de baignade<\/li>\n\n\n\n<li>Brevet national de s\u00e9curit\u00e9 et de sauvetage aquatique, BNSSA <\/li>\n<\/ul>\n<\/li>\n<\/ul>\n","protected":false},"excerpt":{"rendered":"<p>Association agr\u00e9\u00e9e de s\u00e9curit\u00e9 civile, accueillant actuellement 35 b\u00e9n\u00e9voles, nous r\u00e9alisons diverses prestations sur l&#8217;ensemble du territoire vosgien et au del\u00e0 ! Nous accompagnons les organisateurs d&#8217;\u00e9v\u00e8nements dans la mise en place, la gestion et la tenue de leur dispositif pr\u00e9visionnel de secours. Organisateur d&#8217;\u00e9v\u00e8nement ? Nous pensons avec vous votre dispositif pr\u00e9visionnel de secours&#8230;<\/p>\n","protected":false},"author":1,"featured_media":0,"parent":0,"menu_order":0,"comment_status":"closed","ping_status":"open","template":"","meta":{"_kadence_starter_templates_imported_post":false,"_kad_post_transparent":"","_kad_post_title":"","_kad_post_layout":"","_kad_post_sidebar_id":"","_kad_post_content_style":"","_kad_post_vertical_padding":"","_kad_post_feature":"","_kad_post_feature_position":"","_kad_post_header":false,"_kad_post_footer":false,"footnotes":""},"class_list":["post-2","page","type-page","status-publish","hentry"],"_links":{"self":[{"href":"https:\/\/ffss-vosges.fr\/index.php\/wp-json\/wp\/v2\/pages\/2","targetHints":{"allow":["GET"]}}],"collection":[{"href":"https:\/\/ffss-vosges.fr\/index.php\/wp-json\/wp\/v2\/pages"}],"about":[{"href":"https:\/\/ffss-vosges.fr\/index.php\/wp-json\/wp\/v2\/types\/page"}],"author":[{"embeddable":true,"href":"https:\/\/ffss-vosges.fr\/index.php\/wp-json\/wp\/v2\/users\/1"}],"replies":[{"embeddable":true,"href":"https:\/\/ffss-vosges.fr\/index.php\/wp-json\/wp\/v2\/comments?post=2"}],"version-history":[{"count":2,"href":"https:\/\/ffss-vosges.fr\/index.php\/wp-json\/wp\/v2\/pages\/2\/revisions"}],"predecessor-version":[{"id":18,"href":"https:\/\/ffss-vosges.fr\/index.php\/wp-json\/wp\/v2\/pages\/2\/revisions\/18"}],"wp:attachment":[{"href":"https:\/\/ffss-vosges.fr\/index.php\/wp-json\/wp\/v2\/media?parent=2"}],"curies":[{"name":"wp","href":"https:\/\/api.w.org\/{rel}","templated":true}]}}