{"id":10,"date":"2025-02-12T22:17:33","date_gmt":"2025-02-12T21:17:33","guid":{"rendered":"https:\/\/ffss-vosges.fr\/?page_id=10"},"modified":"2025-02-12T23:01:28","modified_gmt":"2025-02-12T22:01:28","slug":"nous-rejoindre","status":"publish","type":"page","link":"https:\/\/ffss-vosges.fr\/index.php\/nous-rejoindre\/","title":{"rendered":"Nous rejoindre"},"content":{"rendered":"\n<p>Tu souhaites rejoindre le milieu du secours mais tu h\u00e9sites ? Laisses moi te convaincre : <\/p>\n\n\n\n<ul class=\"wp-block-list\">\n<li>Altruisme, empathie, utilit\u00e9, passion sont 4 adjectifs qui te parlent ? Ta place est parmi nous. <\/li>\n\n\n\n<li>Avec ou sans exp\u00e9rience, nous te proposerons des formations ad\u00e9quates \u00e0 ton niveau et te permettrons d&#8217;\u00e9voluer au sein de notre structure <\/li>\n\n\n\n<li>Nous proposons \u00e0 nos \u00e9quipes d&#8217;intervenir dans toute la France gr\u00e2ce aux renforts inter associations FFSS <\/li>\n\n\n\n<li>Tu crains de ne pas avoir assez de temps ? Gr\u00e2ce \u00e0 notre application EOS, tu g\u00e8res ton inscription sur les activit\u00e9s en fonction de tes disponibilit\u00e9s. <\/li>\n\n\n\n<li>Tu peux \u00eatre pr\u00e9sent sur des \u00e9v\u00e8nements auxquels tu n&#8217;aurais jamais particip\u00e9 en tant que civil (mais chuuut, c&#8217;est notre secret \ud83d\ude09 ) <\/li>\n\n\n\n<li>Ta participation peut faire la diff\u00e9rence, alors n&#8217;h\u00e9site plus ! <\/li>\n<\/ul>\n\n\n\n<p>Les conditions pour nous rejoindre : <\/p>\n\n\n\n<ul class=\"wp-block-list\">\n<li>\u00eatre \u00e2g\u00e9 de 16 ans minimum<\/li>\n\n\n\n<li>Avoir un casier judiciaire vierge<\/li>\n<\/ul>\n\n\n\n<p>Les \u00e9l\u00e9ments n\u00e9cessaires \u00e0 ton inscription : <\/p>\n\n\n\n<ul class=\"wp-block-list\">\n<li>copie de ta carte d&#8217;identit\u00e9 <\/li>\n\n\n\n<li>Copie de ton permis de conduire <em>(si titulaire)<\/em> + attestation pr\u00e9fectorale d&#8217;habilitation \u00e0 la conduire d&#8217;un VPSP <em>(si titulaire) <\/em><\/li>\n\n\n\n<li>Extrait de casier judiciaire <\/li>\n\n\n\n<li>Certificat m\u00e9dical de non contre indication \u00e0 la pratique du secourisme <\/li>\n\n\n\n<li style=\"font-size:17px\">Copie de tes dipl\u00f4mes en secourisme <em>(si titulaire)<\/em><\/li>\n<\/ul>\n\n\n\n<p>Tu as des questions sur notre activit\u00e9 ou sur l&#8217;association et son fonctionnement ? Ou tu souhaites r\u00e9cup\u00e9rer un dossier d&#8217;inscription ? Tu peux nous contacter par mail \u00e0 l&#8217;adresse suivante :<mark style=\"background-color:rgba(0, 0, 0, 0)\" class=\"has-inline-color has-theme-palette-2-color\"> direction@ffss-vosges.fr<\/mark> ou au 06.72.05.50.71 (apr\u00e8s 18h). <\/p>\n\n\n\n<p><\/p>\n","protected":false},"excerpt":{"rendered":"<p>Tu souhaites rejoindre le milieu du secours mais tu h\u00e9sites ? Laisses moi te convaincre : Les conditions pour nous rejoindre : Les \u00e9l\u00e9ments n\u00e9cessaires \u00e0 ton inscription : Tu as des questions sur notre activit\u00e9 ou sur l&#8217;association et son fonctionnement ? Ou tu souhaites r\u00e9cup\u00e9rer un dossier d&#8217;inscription ? Tu peux nous contacter&#8230;<\/p>\n","protected":false},"author":1,"featured_media":0,"parent":0,"menu_order":0,"comment_status":"closed","ping_status":"closed","template":"","meta":{"_kadence_starter_templates_imported_post":false,"_kad_post_transparent":"","_kad_post_title":"","_kad_post_layout":"","_kad_post_sidebar_id":"","_kad_post_content_style":"","_kad_post_vertical_padding":"","_kad_post_feature":"","_kad_post_feature_position":"","_kad_post_header":false,"_kad_post_footer":false,"footnotes":""},"class_list":["post-10","page","type-page","status-publish","hentry"],"_links":{"self":[{"href":"https:\/\/ffss-vosges.fr\/index.php\/wp-json\/wp\/v2\/pages\/10","targetHints":{"allow":["GET"]}}],"collection":[{"href":"https:\/\/ffss-vosges.fr\/index.php\/wp-json\/wp\/v2\/pages"}],"about":[{"href":"https:\/\/ffss-vosges.fr\/index.php\/wp-json\/wp\/v2\/types\/page"}],"author":[{"embeddable":true,"href":"https:\/\/ffss-vosges.fr\/index.php\/wp-json\/wp\/v2\/users\/1"}],"replies":[{"embeddable":true,"href":"https:\/\/ffss-vosges.fr\/index.php\/wp-json\/wp\/v2\/comments?post=10"}],"version-history":[{"count":4,"href":"https:\/\/ffss-vosges.fr\/index.php\/wp-json\/wp\/v2\/pages\/10\/revisions"}],"predecessor-version":[{"id":21,"href":"https:\/\/ffss-vosges.fr\/index.php\/wp-json\/wp\/v2\/pages\/10\/revisions\/21"}],"wp:attachment":[{"href":"https:\/\/ffss-vosges.fr\/index.php\/wp-json\/wp\/v2\/media?parent=10"}],"curies":[{"name":"wp","href":"https:\/\/api.w.org\/{rel}","templated":true}]}}